{"id":1502,"date":"2023-05-23T15:35:59","date_gmt":"2023-05-23T13:35:59","guid":{"rendered":"https:\/\/podsalt.de\/?page_id=1502"},"modified":"2023-05-23T15:37:13","modified_gmt":"2023-05-23T13:37:13","slug":"altgeraete-batterieentsorgung","status":"publish","type":"page","link":"https:\/\/podsalt.de\/index.php\/altgeraete-batterieentsorgung\/","title":{"rendered":"Altger\u00e4te-\/ Batterieentsorgung"},"content":{"rendered":"\n<p><\/p>\n\n\n\n<h2 class=\"wp-block-heading\">Altger\u00e4te-\/ Batterieentsorgung<\/h2>\n\n\n\n<p>Im Zusammenhang mit dem Vertrieb von Batterien oder mit der Lieferung von Ger\u00e4ten, die Batterien enthalten, sind wir verpflichtet, Sie auf folgendes hinzuweisen:<\/p>\n\n\n\n<p>Als Endnutzer sind Sie gesetzlich dazu verpflichtet, gebrauchte Batterien und Akkus fachgerecht zu entsorgen.<br>Diese d\u00fcrfen nicht \u00fcber den Hausm\u00fcll entsorgt werden, sondern sind in daf\u00fcr vorgesehenen kommunalen Sammelstellen oder im Handel zur\u00fcckzugeben. Alternativ k\u00f6nnen Sie Altbatterien, die wir als Neubatterien im Sortiment f\u00fchren oder gef\u00fchrt haben, unentgeltlich an unserem Versandlager (Versandadresse) zur\u00fcckgeben.<\/p>\n\n\n\n<p>Die auf den Batterien abgebildeten Symbole haben folgende Bedeutung:<\/p>\n\n\n\n<p>Das Symbol der durchgekreuzten M\u00fclltonne bedeutet, dass die Batterie nicht in den Hausm\u00fcll gegeben werden darf.<\/p>\n\n\n\n<p>Pb = Batterie enth\u00e4lt mehr als 0,004 Masseprozent Blei<br>Cd = Batterie enth\u00e4lt mehr als 0,002 Masseprozent Cadmium<br>Hg = Batterie enth\u00e4lt mehr als 0,0005 Masseprozent Quecksilber.<\/p>\n\n\n\n<p>Bitte beachten Sie die vorstehenden Hinweise.<\/p>\n\n\n\n<p>Altger\u00e4teentsorgungsnummer<br>WEEE-Reg-Nr. DE75044821<\/p>\n","protected":false},"excerpt":{"rendered":"<p>Altger\u00e4te-\/ Batterieentsorgung Im Zusammenhang mit dem Vertrieb von Batterien oder mit der Lieferung von Ger\u00e4ten, die Batterien enthalten, sind wir verpflichtet, Sie auf folgendes hinzuweisen: Als Endnutzer sind Sie gesetzlich dazu verpflichtet, gebrauchte Batterien und Akkus fachgerecht zu entsorgen.Diese d\u00fcrfen nicht \u00fcber den Hausm\u00fcll entsorgt werden, sondern sind in daf\u00fcr vorgesehenen kommunalen Sammelstellen oder im &hellip; <a href=\"https:\/\/podsalt.de\/index.php\/altgeraete-batterieentsorgung\/\">Continued<\/a><\/p>\n","protected":false},"author":2,"featured_media":0,"parent":0,"menu_order":0,"comment_status":"closed","ping_status":"closed","template":"impress.blade.php","meta":{"_acf_changed":false,"_monsterinsights_skip_tracking":false,"_monsterinsights_sitenote_active":false,"_monsterinsights_sitenote_note":"","_monsterinsights_sitenote_category":0,"footnotes":""},"class_list":["post-1502","page","type-page","status-publish","hentry"],"acf":[],"_links":{"self":[{"href":"https:\/\/podsalt.de\/index.php\/wp-json\/wp\/v2\/pages\/1502"}],"collection":[{"href":"https:\/\/podsalt.de\/index.php\/wp-json\/wp\/v2\/pages"}],"about":[{"href":"https:\/\/podsalt.de\/index.php\/wp-json\/wp\/v2\/types\/page"}],"author":[{"embeddable":true,"href":"https:\/\/podsalt.de\/index.php\/wp-json\/wp\/v2\/users\/2"}],"replies":[{"embeddable":true,"href":"https:\/\/podsalt.de\/index.php\/wp-json\/wp\/v2\/comments?post=1502"}],"version-history":[{"count":4,"href":"https:\/\/podsalt.de\/index.php\/wp-json\/wp\/v2\/pages\/1502\/revisions"}],"predecessor-version":[{"id":1506,"href":"https:\/\/podsalt.de\/index.php\/wp-json\/wp\/v2\/pages\/1502\/revisions\/1506"}],"wp:attachment":[{"href":"https:\/\/podsalt.de\/index.php\/wp-json\/wp\/v2\/media?parent=1502"}],"curies":[{"name":"wp","href":"https:\/\/api.w.org\/{rel}","templated":true}]}}