{"id":1509,"date":"2023-05-23T15:40:00","date_gmt":"2023-05-23T13:40:00","guid":{"rendered":"https:\/\/podsalt.de\/?page_id=1509"},"modified":"2023-05-23T15:40:00","modified_gmt":"2023-05-23T13:40:00","slug":"agb","status":"publish","type":"page","link":"https:\/\/podsalt.de\/index.php\/agb\/","title":{"rendered":"AGB"},"content":{"rendered":"\n<p><\/p>\n\n\n\n<h2 class=\"wp-block-heading\"><strong>Allgemeine Gesch\u00e4ftsbedingungen<\/strong><\/h2>\n\n\n\n<p>&nbsp;<strong>\u00a7 1 Geltungsbereich, Kundeninformationen<\/strong><br>Die folgenden allgemeinen Gesch\u00e4ftsbedingungen regeln das Vertragsverh\u00e4ltnis zwischen NCS Vape GmbH und den Verbrauchern und Unternehmern, die \u00fcber unseren<br>Shop &#8211; www.ncsvape.de &#8211; Waren kaufen. Entgegenstehende oder von unseren Gesch\u00e4ftsbedingungen abweichende Bedingungen werden von uns nicht anerkannt. Die Vertragssprache ist Deutsch.<\/p>\n\n\n\n<p><strong>\u00a7 2 Vertragsschluss<\/strong><br>(1) Die Angebote im Internet stellen eine unverbindliche Aufforderung an Sie dar, Waren zu kaufen.<\/p>\n\n\n\n<p>(2) Sie k\u00f6nnen ein oder mehrere Produkte in den Warenkorb legen. Im Laufe des Bestellprozesses geben Sie Ihre Daten und W\u00fcnsche bzgl. Zahlungsart, Liefermodalit\u00e4ten etc. ein. Erst mit dem Anklicken des Bestellbuttons geben Sie ein verbindliches Angebot auf Abschluss eines Kaufvertrags ab.<\/p>\n\n\n\n<p>(3) Mit der unverz\u00fcglich per E-Mail versandten Zugangsbest\u00e4tigung wird gleichzeitig auch die Annahme des Angebots erkl\u00e4rt und der Kaufvertrag damit abgeschlossen. Bei einer telefonischen Bestellung kommt der Kaufvertrag zustande, wenn wir Ihr Angebot sofort annehmen. Wird das Angebot nicht sofort angenommen, dann sind Sie auch nicht mehr daran gebunden.<\/p>\n\n\n\n<p><strong>\u00a7 3 Kundeninformation: Speicherung Ihrer Bestelldaten<\/strong><br>Ihre Bestellung mit Einzelheiten zum geschlossenen Vertrag (z.B. Art des Produkts, Preis etc.) wird von uns gespeichert. Die AGB schicken wir Ihnen zu, Sie k\u00f6nnen die AGB aber auch nach Vertragsschluss jederzeit \u00fcber unsere Webseite aufrufen.<\/p>\n\n\n\n<p>Als registrierter Kunde k\u00f6nnen Sie auf Ihre vergangenen Bestellungen \u00fcber den Kunden LogIn-Bereich (Kundenlogin) zugreifen.<\/p>\n\n\n\n<p><strong>\u00a7 4 Kundeninformation: Korrekturhinweis<\/strong><br>Sie k\u00f6nnen Ihre Eingaben vor Abgabe der Bestellung jederzeit mit der L\u00f6schtaste berichtigen. Wir informieren Sie auf dem Weg durch den Bestellprozess \u00fcber weitere Korrekturm\u00f6glichkeiten. Den Bestellprozess k\u00f6nnen Sie auch jederzeit durch Schlie\u00dfen des Browser-Fensters komplett beenden.<\/p>\n\n\n\n<p><strong>\u00a7 5 Eigentumsvorbehalt<\/strong><br>Alle Kaufgegenst\u00e4nde bleiben bis zur vollst\u00e4ndigen Bezahlung unser Eigentum.<\/p>\n\n\n\n<p><strong>\u00a7 6 Gesetzliche M\u00e4ngelhaftungsrechte<\/strong><br>(1) M\u00e4ngelhaftungsrechte F\u00fcr unsere Waren bestehen gesetzliche M\u00e4ngelhaftungsrechte.<\/p>\n\n\n\n<p>(2) Gew\u00e4hrleistung gegen\u00fcber Verbrauchern bei Gebrauchtware Ihre Gew\u00e4hrleistungsanspr\u00fcche wegen M\u00e4ngel bei Gebrauchtware verj\u00e4hren in einem Jahr ab \u00dcbergabe der verkauften Ware an Sie. Von dieser Regelung ausgenommen sind Schadensersatzanspr\u00fcche, Anspr\u00fcche wegen M\u00e4ngel, die wir arglistig verschwiegen, und Anspr\u00fcche aus einer Garantie, die wir f\u00fcr die Beschaffenheit der Ware \u00fcbernommen haben. F\u00fcr diese ausgenommenen Anspr\u00fcche gelten die gesetzlichen Verj\u00e4hrungsfristen.<\/p>\n\n\n\n<p>(3) Gew\u00e4hrleistung gegen\u00fcber Unternehmern Ihre Gew\u00e4hrleistungsanspr\u00fcche wegen M\u00e4ngel der Ware verj\u00e4hren in einem Jahr ab Gefahren\u00fcbergang. Von dieser Regelung ausgenommen sind Schadensersatzanspr\u00fcche, Anspr\u00fcche wegen M\u00e4ngel, die wir arglistig verschwiegen, und Anspr\u00fcche aus einer Garantie, die wir f\u00fcr die Beschaffenheit der Ware \u00fcbernommen haben. Ebenfalls ausgenommen ist der R\u00fcckgriffsanspruch nach \u00a7 478 BGB. F\u00fcr diese ausgenommenen Anspr\u00fcche gelten die gesetzlichen Verj\u00e4hrungsfristen.<\/p>\n\n\n\n<p><strong>\u00a7 7 Haftungsbeschr\u00e4nkung<\/strong><br>Wir schlie\u00dfen die Haftung f\u00fcr leicht fahrl\u00e4ssige Pflichtverletzungen aus, sofern diese keine vertragswesentlichen Pflichten, Sch\u00e4den aus der Verletzung des Lebens, des K\u00f6rpers oder der Gesundheit, Garantien oder Anspr\u00fcche nach dem Produkthaftungsgesetz betreffen. Gleiches gilt f\u00fcr Pflichtverletzungen unserer Erf\u00fcllungsgehilfen und unserer gesetzlichen Vertreter. Zu den vertragswesentlichen Pflichten geh\u00f6rt insbesondere die Pflicht, Ihnen die Sache zu \u00fcbergeben und Ihnen das Eigentum daran zu verschaffen. Weiterhin haben wir Ihnen die Sache frei von Sach- und Rechtsm\u00e4ngeln zu verschaffen.<\/p>\n\n\n\n<p><strong>\u00a7 8 Kaufm\u00e4nnischer Gerichtsstand<\/strong><br>Ausschlie\u00dflicher Gerichtsstand f\u00fcr alle Streitigkeiten aus diesem Vertrag ist unser Gesch\u00e4ftssitz, wenn Sie Kaufmann sind.<\/p>\n","protected":false},"excerpt":{"rendered":"<p>Allgemeine Gesch\u00e4ftsbedingungen &nbsp;\u00a7 1 Geltungsbereich, KundeninformationenDie folgenden allgemeinen Gesch\u00e4ftsbedingungen regeln das Vertragsverh\u00e4ltnis zwischen NCS Vape GmbH und den Verbrauchern und Unternehmern, die \u00fcber unserenShop &#8211; www.ncsvape.de &#8211; Waren kaufen. Entgegenstehende oder von unseren Gesch\u00e4ftsbedingungen abweichende Bedingungen werden von uns nicht anerkannt. Die Vertragssprache ist Deutsch. \u00a7 2 Vertragsschluss(1) Die Angebote im Internet stellen eine unverbindliche &hellip; <a href=\"https:\/\/podsalt.de\/index.php\/agb\/\">Continued<\/a><\/p>\n","protected":false},"author":2,"featured_media":0,"parent":0,"menu_order":0,"comment_status":"closed","ping_status":"closed","template":"impress.blade.php","meta":{"_acf_changed":false,"_monsterinsights_skip_tracking":false,"_monsterinsights_sitenote_active":false,"_monsterinsights_sitenote_note":"","_monsterinsights_sitenote_category":0,"footnotes":""},"class_list":["post-1509","page","type-page","status-publish","hentry"],"acf":[],"_links":{"self":[{"href":"https:\/\/podsalt.de\/index.php\/wp-json\/wp\/v2\/pages\/1509"}],"collection":[{"href":"https:\/\/podsalt.de\/index.php\/wp-json\/wp\/v2\/pages"}],"about":[{"href":"https:\/\/podsalt.de\/index.php\/wp-json\/wp\/v2\/types\/page"}],"author":[{"embeddable":true,"href":"https:\/\/podsalt.de\/index.php\/wp-json\/wp\/v2\/users\/2"}],"replies":[{"embeddable":true,"href":"https:\/\/podsalt.de\/index.php\/wp-json\/wp\/v2\/comments?post=1509"}],"version-history":[{"count":1,"href":"https:\/\/podsalt.de\/index.php\/wp-json\/wp\/v2\/pages\/1509\/revisions"}],"predecessor-version":[{"id":1510,"href":"https:\/\/podsalt.de\/index.php\/wp-json\/wp\/v2\/pages\/1509\/revisions\/1510"}],"wp:attachment":[{"href":"https:\/\/podsalt.de\/index.php\/wp-json\/wp\/v2\/media?parent=1509"}],"curies":[{"name":"wp","href":"https:\/\/api.w.org\/{rel}","templated":true}]}}